{"id":2,"date":"2025-02-11T19:21:20","date_gmt":"2025-02-11T19:21:20","guid":{"rendered":"https:\/\/diconobras.com\/?page_id=2"},"modified":"2025-02-19T16:07:27","modified_gmt":"2025-02-19T16:07:27","slug":"sample-page","status":"publish","type":"page","link":"https:\/\/diconobras.com\/index.php\/sample-page\/","title":{"rendered":"DICON"},"content":{"rendered":"\n<p>MISI\u00d3N:<\/p>\n\n\n\n<p>Nuestra meta es transformar visiones en realidades. Nos apasiona crear espacios que generen bienestar, dise\u00f1ando y ejecutando proyectos innovadores que superen las expectativas de nuestros clientes, garantizando siempre la excelencia en la ejecuci\u00f3n y el cumplimiento de las normativas.<\/p>\n\n\n\n<blockquote class=\"wp-block-quote is-layout-flow wp-block-quote-is-layout-flow\">\n<p>Junto a nuestro equipo de profesionales altamente capacitados trabajamos con integridad y dedicaci\u00f3n para brindar soluciones integrales e innovadoras que cumplan con los m\u00e1s altos est\u00e1ndares nacionales e internacionales de calidad y seguridad en el \u00e1mbito de la ingenier\u00eda, construcci\u00f3n, renovaci\u00f3n, remodelaci\u00f3n, acondicionamiento y mantenimiento.<\/p>\n<\/blockquote>\n\n\n\n<p>VISI\u00d3N:<\/p>\n\n\n\n<blockquote class=\"wp-block-quote is-layout-flow wp-block-quote-is-layout-flow\">\n<p>Ser reconocidos como l\u00edderes en el sector, siendo referentes de innovaci\u00f3n, sostenibilidad y excelencia<br>operativa. Nuestra meta es ser entes transformadores del entorno mediante la ejecuci\u00f3n e implementaci\u00f3n de soluciones que superen las expectativas de nuestros clientes, integrando las \u00faltimas tecnolog\u00edas y pr\u00e1cticas sostenibles en cada proyecto.<\/p>\n<\/blockquote>\n\n\n\n<p>Nos proyectamos como referentes de \u00e9tica, pasi\u00f3n y responsabilidad en la ejecuci\u00f3n de nuestros proyectos, convirti\u00e9ndonos en sin\u00f3nimo de integridad, profesionalismo y compromiso con el progreso.<br>Aspiramos a ser el socio preferido para el desarrollo de infraestructuras y edificaciones que no s\u00f3lo respondan a las necesidades actuales, sino que tambi\u00e9n se anticipen y se adapten a las demandas futuras, creando espacios funcionales, seguros y est\u00e9ticamente agradables que contribuyan al bienestar de las comunidades y al<br>desarrollo del pa\u00eds donde operemos<\/p>\n\n\n\n<p><\/p>\n","protected":false},"excerpt":{"rendered":"<p>MISI\u00d3N: Nuestra meta es transformar visiones en realidades. Nos apasiona crear espacios que generen bienestar, dise\u00f1ando y ejecutando proyectos innovadores que superen las expectativas de nuestros clientes, garantizando siempre la excelencia en la ejecuci\u00f3n y el cumplimiento de las normativas. Junto a nuestro equipo de profesionales altamente capacitados trabajamos con integridad y dedicaci\u00f3n para brindar [&hellip;]<\/p>\n","protected":false},"author":1,"featured_media":0,"parent":0,"menu_order":0,"comment_status":"closed","ping_status":"open","template":"","meta":{"footnotes":""},"class_list":["post-2","page","type-page","status-publish","hentry"],"_links":{"self":[{"href":"https:\/\/diconobras.com\/index.php\/wp-json\/wp\/v2\/pages\/2","targetHints":{"allow":["GET"]}}],"collection":[{"href":"https:\/\/diconobras.com\/index.php\/wp-json\/wp\/v2\/pages"}],"about":[{"href":"https:\/\/diconobras.com\/index.php\/wp-json\/wp\/v2\/types\/page"}],"author":[{"embeddable":true,"href":"https:\/\/diconobras.com\/index.php\/wp-json\/wp\/v2\/users\/1"}],"replies":[{"embeddable":true,"href":"https:\/\/diconobras.com\/index.php\/wp-json\/wp\/v2\/comments?post=2"}],"version-history":[{"count":7,"href":"https:\/\/diconobras.com\/index.php\/wp-json\/wp\/v2\/pages\/2\/revisions"}],"predecessor-version":[{"id":176,"href":"https:\/\/diconobras.com\/index.php\/wp-json\/wp\/v2\/pages\/2\/revisions\/176"}],"wp:attachment":[{"href":"https:\/\/diconobras.com\/index.php\/wp-json\/wp\/v2\/media?parent=2"}],"curies":[{"name":"wp","href":"https:\/\/api.w.org\/{rel}","templated":true}]}}